{"id":24,"date":"2025-10-10T10:48:13","date_gmt":"2025-10-10T10:48:13","guid":{"rendered":"https:\/\/meseta.se\/wp\/om\/"},"modified":"2026-03-24T10:43:49","modified_gmt":"2026-03-24T10:43:49","slug":"om","status":"publish","type":"page","link":"https:\/\/meseta.se\/wp\/om\/","title":{"rendered":"Om oss"},"content":{"rendered":"\n<div class=\"wp-block-group alignfull has-background-background-color has-background is-vertical is-layout-flex wp-container-core-group-is-layout-6c118297 wp-block-group-is-layout-flex\" id=\"om\" style=\"border-top-width:1px;margin-top:0;margin-bottom:0;padding-top:var(--wp--preset--spacing--60);padding-right:0;padding-bottom:var(--wp--preset--spacing--60);padding-left:0\">\n<div class=\"wp-block-columns alignwide is-layout-flex wp-container-core-columns-is-layout-d0bbbce0 wp-block-columns-is-layout-flex\">\n<div class=\"wp-block-column is-vertically-aligned-top is-layout-flow wp-block-column-is-layout-flow\">\n<div class=\"wp-block-cover aligncenter has-custom-content-position is-position-top-left wp-duotone-grayscale\" style=\"min-height:112px;aspect-ratio:unset;\"><img loading=\"lazy\" decoding=\"async\" width=\"1248\" height=\"832\" class=\"wp-block-cover__image-background wp-image-270\" alt=\"\" src=\"https:\/\/meseta.se\/wp\/wp-content\/uploads\/2026\/03\/image.jpg\" data-object-fit=\"cover\" srcset=\"https:\/\/meseta.se\/wp\/wp-content\/uploads\/2026\/03\/image.jpg 1248w, https:\/\/meseta.se\/wp\/wp-content\/uploads\/2026\/03\/image-300x200.jpg 300w, https:\/\/meseta.se\/wp\/wp-content\/uploads\/2026\/03\/image-1024x683.jpg 1024w, https:\/\/meseta.se\/wp\/wp-content\/uploads\/2026\/03\/image-768x512.jpg 768w\" sizes=\"auto, (max-width: 1248px) 100vw, 1248px\" \/><span aria-hidden=\"true\" class=\"wp-block-cover__background has-background-dim\"><\/span><div class=\"wp-block-cover__inner-container is-layout-flow wp-block-cover-is-layout-flow\">\n<p><\/p>\n\n\n\n<h2 class=\"wp-block-heading\">Om oss<\/h2>\n<\/div><\/div>\n\n\n\n<p><strong>Meseta Projekt AB \u00e4r ett konsultbolag specialiserat p\u00e5 projektledning, projektutveckling och hyresg\u00e4stanpassningar \u2013 med fokus p\u00e5 att skapa v\u00e4rde och h\u00e5llbara l\u00f6sningar f\u00f6r b\u00e5de fastighets\u00e4gare och framtida brukare.<\/strong><\/p>\n\n\n\n<p>Vi \u00e4r ett nyetablerat bolag med \u00f6ver 20 \u00e5rs erfarenhet fr\u00e5n bygg- och fastighetsbranschen. Genom \u00e5ren har vi drivit s\u00e5v\u00e4l stora som sm\u00e5 projekt inom kommersiella fastigheter och bostadsutveckling, alltid med kundens behov och aff\u00e4rsnytta i centrum.<\/p>\n\n\n\n<p>Vi st\u00f6ttar f\u00f6retag och organisationer i att f\u00f6rverkliga sina bygg- och fastighetsprojekt \u2013 fr\u00e5n tidig id\u00e9 och projektutveckling, genom ett strukturerat och effektivt genomf\u00f6rande, till \u00f6verl\u00e4mning vid f\u00e4rdigst\u00e4llandet. V\u00e5r styrka ligger i att h\u00e5lla ihop helheten och s\u00e4kerst\u00e4lla kvalitet, funktion och l\u00e5ngsiktig nytta i varje steg.<\/p>\n\n\n\n<p>P\u00e5 Meseta tror vi att <strong>framg\u00e5ngsrika byggprojekt b\u00f6rjar med m\u00e4nniskor<\/strong>. F\u00f6r oss \u00e4r projektledning mer \u00e4n tidplaner och budgetar \u2013 Vi bygger relationer, skapar f\u00f6rtroende genom samarbete och kommunicerar tydligt. Tillsammans l\u00e4gger vi grunden f\u00f6r h\u00e5llbara resultat och v\u00e4lm\u00e5ende organisationer.<\/p>\n\n\n\n<p><strong>Professionell r\u00e5dgivning och projektledning g\u00f6r skillnad.<\/strong> Genom att beh\u00e5lla ett helhetsperspektiv i varje steg av processen skapar vi trygghet, effektivitet och \u00f6kad l\u00f6nsamhet f\u00f6r v\u00e5ra kunder.<\/p>\n\n\n\n<p>Vi brinner f\u00f6r att f\u00f6rena <strong>struktur<\/strong> med <strong>engagemang<\/strong>. Med v\u00e5r erfarenhet kan vi hantera de mest komplexa processerna och samtidigt h\u00e5lla fokus p\u00e5 detaljerna som g\u00f6r skillnad.<\/p>\n\n\n\n<p>Med Meseta som partner f\u00e5r du en kombination av gedigen kompetens och genuin n\u00e4rvaro. V\u00e5r attityd och v\u00e5rt engagemang definierar samarbetet.&nbsp;<\/p>\n\n\n\n<h2 class=\"wp-block-heading\"><\/h2>\n<\/div>\n<\/div>\n<\/div>\n\n\n\n<div class=\"wp-block-group alignfull has-tertiary-background-color has-background has-global-padding is-layout-constrained wp-container-core-group-is-layout-d8cf6864 wp-block-group-is-layout-constrained\" id=\"team\" style=\"border-top-width:1px;margin-top:0;margin-bottom:0;padding-top:var(--wp--preset--spacing--70);padding-right:0;padding-bottom:var(--wp--preset--spacing--70);padding-left:0\">\n<div class=\"wp-block-group alignwide is-vertical is-layout-flex wp-container-core-group-is-layout-fe9cc265 wp-block-group-is-layout-flex\">\n<div class=\"wp-block-group has-global-padding is-layout-constrained wp-block-group-is-layout-constrained\">\n<h2 class=\"wp-block-heading\">Kontakt<\/h2>\n\n\n\n<p style=\"margin-top:16px\">Kontakta oss g\u00e4rna om du vill veta mer om Meseta eller beh\u00f6ver expertis inom projektledning till ditt team. <\/p>\n<\/div>\n<\/div>\n\n\n\n<div class=\"wp-block-columns alignwide is-layout-flex wp-container-core-columns-is-layout-3fb004a6 wp-block-columns-is-layout-flex\" style=\"padding-top:0;padding-right:0;padding-bottom:0;padding-left:0\">\n<div class=\"wp-block-column is-layout-flow wp-block-column-is-layout-flow\">\n<div class=\"wp-block-group has-global-padding is-layout-constrained wp-block-group-is-layout-constrained\">\n<div class=\"wp-block-media-text is-stacked-on-mobile is-style-default has-background\" style=\"background-color:#938b8e\"><figure class=\"wp-block-media-text__media\"><img loading=\"lazy\" decoding=\"async\" width=\"1280\" height=\"853\" src=\"https:\/\/meseta.se\/wp\/wp-content\/uploads\/2025\/11\/image-5.jpeg\" alt=\"\" class=\"wp-image-150 size-full\" srcset=\"https:\/\/meseta.se\/wp\/wp-content\/uploads\/2025\/11\/image-5.jpeg 1280w, https:\/\/meseta.se\/wp\/wp-content\/uploads\/2025\/11\/image-5-300x200.jpeg 300w, https:\/\/meseta.se\/wp\/wp-content\/uploads\/2025\/11\/image-5-1024x682.jpeg 1024w, https:\/\/meseta.se\/wp\/wp-content\/uploads\/2025\/11\/image-5-768x512.jpeg 768w\" sizes=\"auto, (max-width: 1280px) 100vw, 1280px\" \/><\/figure><div class=\"wp-block-media-text__content\">\n<p class=\"has-text-align-center has-large-font-size\">Meseta Projekt AB<\/p>\n\n\n\n<p>Marcelo Olmedo | Projektledare | Mobil: 0730-205092 | marcelo.olmedo@meseta.se<\/p>\n<\/div><\/div>\n<\/div>\n<\/div>\n<\/div>\n<\/div>\n\n\n\n<p><\/p>\n","protected":false},"excerpt":{"rendered":"<p>Meseta Projekt AB \u00e4r ett konsultbolag specialiserat p\u00e5 projektledning, projektutveckling och hyresg\u00e4stanpassningar \u2013 med fokus p\u00e5 att skapa v\u00e4rde och h\u00e5llbara l\u00f6sningar f\u00f6r b\u00e5de fastighets\u00e4gare och framtida brukare. Vi \u00e4r ett nyetablerat bolag med \u00f6ver 20 \u00e5rs erfarenhet fr\u00e5n bygg- och fastighetsbranschen. Genom \u00e5ren har vi drivit s\u00e5v\u00e4l stora som sm\u00e5 projekt inom kommersiella fastigheter [&hellip;]<\/p>\n","protected":false},"author":1,"featured_media":0,"parent":0,"menu_order":0,"comment_status":"closed","ping_status":"closed","template":"","meta":{"om_disable_all_campaigns":false,"pagelayer_contact_templates":[],"_pagelayer_content":"","_monsterinsights_skip_tracking":false,"_monsterinsights_sitenote_active":false,"_monsterinsights_sitenote_note":"","_monsterinsights_sitenote_category":0,"footnotes":""},"class_list":["post-24","page","type-page","status-publish","hentry"],"_links":{"self":[{"href":"https:\/\/meseta.se\/wp\/wp-json\/wp\/v2\/pages\/24","targetHints":{"allow":["GET"]}}],"collection":[{"href":"https:\/\/meseta.se\/wp\/wp-json\/wp\/v2\/pages"}],"about":[{"href":"https:\/\/meseta.se\/wp\/wp-json\/wp\/v2\/types\/page"}],"author":[{"embeddable":true,"href":"https:\/\/meseta.se\/wp\/wp-json\/wp\/v2\/users\/1"}],"replies":[{"embeddable":true,"href":"https:\/\/meseta.se\/wp\/wp-json\/wp\/v2\/comments?post=24"}],"version-history":[{"count":17,"href":"https:\/\/meseta.se\/wp\/wp-json\/wp\/v2\/pages\/24\/revisions"}],"predecessor-version":[{"id":271,"href":"https:\/\/meseta.se\/wp\/wp-json\/wp\/v2\/pages\/24\/revisions\/271"}],"wp:attachment":[{"href":"https:\/\/meseta.se\/wp\/wp-json\/wp\/v2\/media?parent=24"}],"curies":[{"name":"wp","href":"https:\/\/api.w.org\/{rel}","templated":true}]}}